{"id":850,"date":"2022-07-01T05:13:50","date_gmt":"2022-07-01T05:13:50","guid":{"rendered":"https:\/\/www.clasicosmexicanos.mx\/ES\/?page_id=850"},"modified":"2022-10-21T02:15:58","modified_gmt":"2022-10-21T02:15:58","slug":"home-clasicos","status":"publish","type":"page","link":"https:\/\/www.clasicosmexicanos.mx\/ES\/","title":{"rendered":"Home Clasicos &#8211; Cl\u00e1sicos Mexicanos"},"content":{"rendered":"\t\t<div data-elementor-type=\"wp-page\" data-elementor-id=\"850\" class=\"elementor elementor-850\">\n\t\t\t\t\t\t<section class=\"elementor-section elementor-top-section elementor-element elementor-element-8ca13fe elementor-section-full_width elementor-section-height-default elementor-section-height-default\" data-id=\"8ca13fe\" data-element_type=\"section\">\n\t\t\t\t\t\t<div class=\"elementor-container elementor-column-gap-no\">\n\t\t\t\t\t<div class=\"elementor-column elementor-col-100 elementor-top-column elementor-element elementor-element-4ece3b2\" data-id=\"4ece3b2\" data-element_type=\"column\">\n\t\t\t<div class=\"elementor-widget-wrap elementor-element-populated\">\n\t\t\t\t\t\t<div class=\"elementor-element elementor-element-0d1742f elementor-widget elementor-widget-html\" data-id=\"0d1742f\" data-element_type=\"widget\" data-widget_type=\"html.default\">\n\t\t\t\t<div class=\"elementor-widget-container\">\n\t\t\t\t\t<script>\n\n\n\nshowPrincipalPage();\n\t\tfunction showPrincipalPage(){\n\t\t\t\n\t\t\t\n\t\t\n\t\t\t\n\t\t\tsetTimeout(function(){\n\t\t\t \n\n\t\t\t   \n\t\t\t   document.getElementById(\"video_clasicos\").style.display = \"none\";\n\t\t\t   \n\t\t\t  document.getElementById(\"video_movil\").style.display = \"none\";\n\t\t\t   \n\t\t\t   \n\t\t\t   \n\t\t\t   document.getElementById(\"slider_home\").style.display = \"block\";\n\t\t\t  \n\t\t\t  document.getElementById(\"container_header\").style.display = \"block\";\n\t\t\t  \n\t\t\t  \n\t\t\t  \t\t\t  \n\t\t\t  document.getElementById(\"contacto_texto\").style.display = \"block\";\n\t\t\t \n\t\t\t \n\t\t\t   \n\t\t\t}, 10000);\n\t\t\t\n\t\t\n\t\t\n\t\t}\n\t\t\n\t\t\n\n  <\/script>  \n\t\t\t\t\t\t<\/div>\n\t\t\t\t<\/div>\n\t\t\t\t<div class=\"elementor-element elementor-element-567cd20 elementor-widget elementor-widget-video\" data-id=\"567cd20\" data-element_type=\"widget\" id=\"video_movil\" data-settings=\"{&quot;video_type&quot;:&quot;hosted&quot;,&quot;autoplay&quot;:&quot;yes&quot;,&quot;play_on_mobile&quot;:&quot;yes&quot;,&quot;mute&quot;:&quot;yes&quot;}\" data-widget_type=\"video.default\">\n\t\t\t\t<div class=\"elementor-widget-container\">\n\t\t\t\t\t\t\t<div class=\"e-hosted-video elementor-wrapper elementor-open-inline\">\n\t\t\t\t\t<video class=\"elementor-video\" src=\"https:\/\/www.clasicosmexicanos.mx\/wp-content\/uploads\/2022\/09\/cm-intro-movil1.mp4\" autoplay=\"\" muted=\"muted\" playsinline=\"\" controlsList=\"nodownload\"><\/video>\n\t\t\t\t<\/div>\n\t\t\t\t\t\t<\/div>\n\t\t\t\t<\/div>\n\t\t\t\t<div class=\"elementor-element elementor-element-60ac30a elementor-widget elementor-widget-video\" data-id=\"60ac30a\" data-element_type=\"widget\" id=\"video_clasicos\" data-settings=\"{&quot;video_type&quot;:&quot;hosted&quot;,&quot;autoplay&quot;:&quot;yes&quot;,&quot;mute&quot;:&quot;yes&quot;,&quot;start&quot;:3}\" data-widget_type=\"video.default\">\n\t\t\t\t<div class=\"elementor-widget-container\">\n\t\t\t\t\t\t\t<div class=\"e-hosted-video elementor-wrapper elementor-open-inline\">\n\t\t\t\t\t<video class=\"elementor-video\" src=\"https:\/\/www.clasicosmexicanos.mx\/wp-content\/uploads\/2022\/09\/Intro-CM-1.mp4#t=3\" autoplay=\"\" muted=\"muted\" controlsList=\"nodownload\"><\/video>\n\t\t\t\t<\/div>\n\t\t\t\t\t\t<\/div>\n\t\t\t\t<\/div>\n\t\t\t\t\t<\/div>\n\t\t<\/div>\n\t\t\t\t\t<\/div>\n\t\t<\/section>\n\t\t\t\t<\/div>\n\t\t","protected":false},"excerpt":{"rendered":"<p>https:\/\/www.clasicosmexicanos.mx\/ES\/wp-content\/uploads\/2022\/09\/cm-intro-movil1.mp4https:\/\/www.clasicosmexicanos.mx\/ES\/wp-content\/uploads\/2022\/09\/Intro-CM-1.mp4#t=3<\/p>\n","protected":false},"author":1,"featured_media":4156,"parent":0,"menu_order":0,"comment_status":"closed","ping_status":"closed","template":"","meta":{"_acf_changed":false,"footnotes":""},"class_list":["post-850","page","type-page","status-publish","has-post-thumbnail","hentry"],"acf":[],"yoast_head":"<!-- This site is optimized with the Yoast SEO plugin v19.8 - https:\/\/yoast.com\/wordpress\/plugins\/seo\/ -->\n<title>Home Clasicos - Cl\u00e1sicos Mexicanos - Cl\u00e1sicos Mexicanos<\/title>\n<meta name=\"description\" content=\"Cl\u00e1sicos Mexicanos es una marca mexicana de dise\u00f1o especializada en la recuperaci\u00f3n, desarrollo y producci\u00f3n de piezas del siglo XX en M\u00e9xico.\" \/>\n<meta name=\"robots\" content=\"index, follow, max-snippet:-1, max-image-preview:large, max-video-preview:-1\" \/>\n<link rel=\"canonical\" href=\"https:\/\/www.clasicosmexicanos.mx\/ES\/\" \/>\n<meta property=\"og:locale\" content=\"en_US\" \/>\n<meta property=\"og:type\" content=\"article\" \/>\n<meta property=\"og:title\" content=\"Cl\u00e1sicos Mexicanos\" \/>\n<meta property=\"og:description\" content=\"Cl\u00e1sicos Mexicanos es una marca mexicana de dise\u00f1o especializada en la recuperaci\u00f3n, desarrollo y producci\u00f3n de piezas del siglo XX en M\u00e9xico.\" \/>\n<meta property=\"og:url\" content=\"https:\/\/www.clasicosmexicanos.mx\/ES\/\" \/>\n<meta property=\"og:site_name\" content=\"Cl\u00e1sicos Mexicanos\" \/>\n<meta property=\"article:modified_time\" content=\"2022-10-21T02:15:58+00:00\" \/>\n<meta property=\"og:image\" content=\"https:\/\/www.clasicosmexicanos.mx\/ES\/wp-content\/uploads\/2022\/01\/DSC08809-scaled-e1664581157955.jpg\" \/>\n\t<meta property=\"og:image:width\" content=\"1939\" \/>\n\t<meta property=\"og:image:height\" content=\"1344\" \/>\n\t<meta property=\"og:image:type\" content=\"image\/jpeg\" \/>\n<meta name=\"twitter:card\" content=\"summary_large_image\" \/>\n<meta name=\"twitter:title\" content=\"Cl\u00e1sicos Mexicanos\" \/>\n<meta name=\"twitter:description\" content=\"Cl\u00e1sicos Mexicanos es una marca mexicana de dise\u00f1o especializada en la recuperaci\u00f3n, desarrollo y producci\u00f3n de piezas del siglo XX en M\u00e9xico.\" \/>\n<meta name=\"twitter:image\" content=\"https:\/\/www.clasicosmexicanos.mx\/ES\/wp-content\/uploads\/2022\/01\/DSC08809-scaled-e1664581157955.jpg\" \/>\n<meta name=\"twitter:label1\" content=\"Est. reading time\" \/>\n\t<meta name=\"twitter:data1\" content=\"1 minute\" \/>\n<script type=\"application\/ld+json\" class=\"yoast-schema-graph\">{\"@context\":\"https:\/\/schema.org\",\"@graph\":[{\"@type\":\"WebPage\",\"@id\":\"https:\/\/www.clasicosmexicanos.mx\/ES\/\",\"url\":\"https:\/\/www.clasicosmexicanos.mx\/ES\/\",\"name\":\"Home Clasicos - Cl\u00e1sicos Mexicanos - Cl\u00e1sicos Mexicanos\",\"isPartOf\":{\"@id\":\"https:\/\/www.clasicosmexicanos.mx\/ES\/#website\"},\"datePublished\":\"2022-07-01T05:13:50+00:00\",\"dateModified\":\"2022-10-21T02:15:58+00:00\",\"description\":\"Cl\u00e1sicos Mexicanos es una marca mexicana de dise\u00f1o especializada en la recuperaci\u00f3n, desarrollo y producci\u00f3n de piezas del siglo XX en M\u00e9xico.\",\"breadcrumb\":{\"@id\":\"https:\/\/www.clasicosmexicanos.mx\/ES\/#breadcrumb\"},\"inLanguage\":\"en-US\",\"potentialAction\":[{\"@type\":\"ReadAction\",\"target\":[\"https:\/\/www.clasicosmexicanos.mx\/ES\/\"]}]},{\"@type\":\"BreadcrumbList\",\"@id\":\"https:\/\/www.clasicosmexicanos.mx\/ES\/#breadcrumb\",\"itemListElement\":[{\"@type\":\"ListItem\",\"position\":1,\"name\":\"Home\",\"item\":\"https:\/\/www.clasicosmexicanos.mx\/ES\/\"},{\"@type\":\"ListItem\",\"position\":2,\"name\":\"Home Clasicos &#8211; Cl\u00e1sicos Mexicanos\"}]},{\"@type\":\"WebSite\",\"@id\":\"https:\/\/www.clasicosmexicanos.mx\/ES\/#website\",\"url\":\"https:\/\/www.clasicosmexicanos.mx\/ES\/\",\"name\":\"Cl\u00e1sicos Mexicanos\",\"description\":\"Cl\u00e1sicos Mexicanos\",\"potentialAction\":[{\"@type\":\"SearchAction\",\"target\":{\"@type\":\"EntryPoint\",\"urlTemplate\":\"https:\/\/www.clasicosmexicanos.mx\/ES\/?s={search_term_string}\"},\"query-input\":\"required name=search_term_string\"}],\"inLanguage\":\"en-US\"}]}<\/script>\n<!-- \/ Yoast SEO plugin. -->","yoast_head_json":{"title":"Home Clasicos - Cl\u00e1sicos Mexicanos - Cl\u00e1sicos Mexicanos","description":"Cl\u00e1sicos Mexicanos es una marca mexicana de dise\u00f1o especializada en la recuperaci\u00f3n, desarrollo y producci\u00f3n de piezas del siglo XX en M\u00e9xico.","robots":{"index":"index","follow":"follow","max-snippet":"max-snippet:-1","max-image-preview":"max-image-preview:large","max-video-preview":"max-video-preview:-1"},"canonical":"https:\/\/www.clasicosmexicanos.mx\/ES\/","og_locale":"en_US","og_type":"article","og_title":"Cl\u00e1sicos Mexicanos","og_description":"Cl\u00e1sicos Mexicanos es una marca mexicana de dise\u00f1o especializada en la recuperaci\u00f3n, desarrollo y producci\u00f3n de piezas del siglo XX en M\u00e9xico.","og_url":"https:\/\/www.clasicosmexicanos.mx\/ES\/","og_site_name":"Cl\u00e1sicos Mexicanos","article_modified_time":"2022-10-21T02:15:58+00:00","og_image":[{"width":1939,"height":1344,"url":"https:\/\/www.clasicosmexicanos.mx\/ES\/wp-content\/uploads\/2022\/01\/DSC08809-scaled-e1664581157955.jpg","type":"image\/jpeg"}],"twitter_card":"summary_large_image","twitter_title":"Cl\u00e1sicos Mexicanos","twitter_description":"Cl\u00e1sicos Mexicanos es una marca mexicana de dise\u00f1o especializada en la recuperaci\u00f3n, desarrollo y producci\u00f3n de piezas del siglo XX en M\u00e9xico.","twitter_image":"https:\/\/www.clasicosmexicanos.mx\/ES\/wp-content\/uploads\/2022\/01\/DSC08809-scaled-e1664581157955.jpg","twitter_misc":{"Est. reading time":"1 minute"},"schema":{"@context":"https:\/\/schema.org","@graph":[{"@type":"WebPage","@id":"https:\/\/www.clasicosmexicanos.mx\/ES\/","url":"https:\/\/www.clasicosmexicanos.mx\/ES\/","name":"Home Clasicos - Cl\u00e1sicos Mexicanos - Cl\u00e1sicos Mexicanos","isPartOf":{"@id":"https:\/\/www.clasicosmexicanos.mx\/ES\/#website"},"datePublished":"2022-07-01T05:13:50+00:00","dateModified":"2022-10-21T02:15:58+00:00","description":"Cl\u00e1sicos Mexicanos es una marca mexicana de dise\u00f1o especializada en la recuperaci\u00f3n, desarrollo y producci\u00f3n de piezas del siglo XX en M\u00e9xico.","breadcrumb":{"@id":"https:\/\/www.clasicosmexicanos.mx\/ES\/#breadcrumb"},"inLanguage":"en-US","potentialAction":[{"@type":"ReadAction","target":["https:\/\/www.clasicosmexicanos.mx\/ES\/"]}]},{"@type":"BreadcrumbList","@id":"https:\/\/www.clasicosmexicanos.mx\/ES\/#breadcrumb","itemListElement":[{"@type":"ListItem","position":1,"name":"Home","item":"https:\/\/www.clasicosmexicanos.mx\/ES\/"},{"@type":"ListItem","position":2,"name":"Home Clasicos &#8211; Cl\u00e1sicos Mexicanos"}]},{"@type":"WebSite","@id":"https:\/\/www.clasicosmexicanos.mx\/ES\/#website","url":"https:\/\/www.clasicosmexicanos.mx\/ES\/","name":"Cl\u00e1sicos Mexicanos","description":"Cl\u00e1sicos Mexicanos","potentialAction":[{"@type":"SearchAction","target":{"@type":"EntryPoint","urlTemplate":"https:\/\/www.clasicosmexicanos.mx\/ES\/?s={search_term_string}"},"query-input":"required name=search_term_string"}],"inLanguage":"en-US"}]}},"_links":{"self":[{"href":"https:\/\/www.clasicosmexicanos.mx\/ES\/wp-json\/wp\/v2\/pages\/850","targetHints":{"allow":["GET"]}}],"collection":[{"href":"https:\/\/www.clasicosmexicanos.mx\/ES\/wp-json\/wp\/v2\/pages"}],"about":[{"href":"https:\/\/www.clasicosmexicanos.mx\/ES\/wp-json\/wp\/v2\/types\/page"}],"author":[{"embeddable":true,"href":"https:\/\/www.clasicosmexicanos.mx\/ES\/wp-json\/wp\/v2\/users\/1"}],"replies":[{"embeddable":true,"href":"https:\/\/www.clasicosmexicanos.mx\/ES\/wp-json\/wp\/v2\/comments?post=850"}],"version-history":[{"count":19,"href":"https:\/\/www.clasicosmexicanos.mx\/ES\/wp-json\/wp\/v2\/pages\/850\/revisions"}],"predecessor-version":[{"id":4422,"href":"https:\/\/www.clasicosmexicanos.mx\/ES\/wp-json\/wp\/v2\/pages\/850\/revisions\/4422"}],"wp:featuredmedia":[{"embeddable":true,"href":"https:\/\/www.clasicosmexicanos.mx\/ES\/wp-json\/wp\/v2\/media\/4156"}],"wp:attachment":[{"href":"https:\/\/www.clasicosmexicanos.mx\/ES\/wp-json\/wp\/v2\/media?parent=850"}],"curies":[{"name":"wp","href":"https:\/\/api.w.org\/{rel}","templated":true}]}}